
{"id":510,"date":"2014-12-17T04:35:30","date_gmt":"2014-12-17T04:35:30","guid":{"rendered":"http:\/\/www.mandarinclass.my\/v2\/?page_id=510"},"modified":"2014-12-17T04:35:30","modified_gmt":"2014-12-17T04:35:30","slug":"noun-currency","status":"publish","type":"page","link":"https:\/\/mandarinclass.my\/v2\/vocabularies-list-%e6%b1%89%e8%af%ad%e8%af%8d%e6%b1%87\/noun-currency\/","title":{"rendered":"Noun (currency)"},"content":{"rendered":"<p>\u5143\t\tyu\u00e1n\t\t\t     Dollar<br \/>\n\u5e01\t\tb\u00ec\t\t\t currency<br \/>\n1\u7f8e\u5143\u3001\u7f8e\u91d1 m\u011biyu\u00e1n, m\u011bij\u012bn\t       USD<br \/>\n2\u9a6c\u5e01\tm\u01ce b\u00ec\t\t\t         RM<br \/>\n3\u65b0\u5e01\tx\u012bn b\u00ec\t\t       Sing Dollar<br \/>\n4\u4eba\u6c11\u5e01\tr\u00e9nm\u00ednb\u00ec\t\t      RMB<br \/>\n5\u6e2f\u5e01\tg\u01cengb\u00ec\t         HK Dollar<br \/>\n6\u6fb3\u5e01\t\u00e0o b\u00ec\t\t   Aussie Dollar<br \/>\n7\u6b27\u5143\touyu\u00e1n\t\t      Euro<br \/>\n8\u65e5\u5143\tr\u00ec yu\u00e1n\t\t       Yen<br \/>\n9\u97e9\u5143\th\u00e1nyu\u00e1n\t\t       Won<br \/>\n10\u52a0\u5143\tji\u0101 yu\u00e1nCanadian        Dollar<br \/>\n11\u5370\u5c3c\u76fe\ty\u00ecnn\u00ed d\u00f9n       Rp (Indonesia)<br \/>\n12\u5370\u5ea6\u5362\u6bd4y\u00ecnd\u00f9 l\u00fab\u01d0         India Rupee<br \/>\n13\u6cf0\u94e2\tt\u00e0i zh\u016b                   Thai Baht<br \/>\n14\u82f1\u9551\ty\u012bngb\u00e0ng       Pound Steering<br \/>\n15\u6cd5\u90ce\tf\u00e0l\u00e1ng                           Franc<\/p>\n","protected":false},"excerpt":{"rendered":"<p>\u5143 yu\u00e1n Dollar \u5e01 b\u00ec currency 1\u7f8e\u5143\u3001\u7f8e\u91d1 m\u011biyu\u00e1n, m\u011bij\u012bn USD 2\u9a6c\u5e01 m\u01ce b\u00ec RM 3\u65b0\u5e01 x\u012bn b\u00ec Sing Dollar 4\u4eba\u6c11\u5e01 r\u00e9nm\u00ednb\u00ec RMB 5\u6e2f\u5e01 g\u01cengb\u00ec HK Dollar 6\u6fb3\u5e01 \u00e0o b\u00ec Aussie Dollar 7\u6b27\u5143 ouyu\u00e1n Euro 8\u65e5\u5143 r\u00ec yu\u00e1n Yen 9\u97e9\u5143 h\u00e1nyu\u00e1n Won 10\u52a0\u5143 ji\u0101 yu\u00e1nCanadian Dollar 11\u5370\u5c3c\u76fe y\u00ecnn\u00ed d\u00f9n Rp (Indonesia) 12\u5370\u5ea6\u5362\u6bd4y\u00ecnd\u00f9 l\u00fab\u01d0 India Rupee 13\u6cf0\u94e2 <a href=\"https:\/\/mandarinclass.my\/v2\/vocabularies-list-%e6%b1%89%e8%af%ad%e8%af%8d%e6%b1%87\/noun-currency\/\">[&#8230;]<\/a><\/p>\n","protected":false},"author":7,"featured_media":0,"parent":464,"menu_order":0,"comment_status":"open","ping_status":"open","template":"","meta":{"footnotes":""},"class_list":["post-510","page","type-page","status-publish","hentry"],"yoast_head":"<!-- This site is optimized with the Yoast SEO plugin v25.4 - https:\/\/yoast.com\/wordpress\/plugins\/seo\/ -->\n<title>Noun (currency) - EDU Mandarin (KL) \u5409\u9686\u5761\u5353\u8d8a\u6c49\u8bed<\/title>\n<meta name=\"robots\" content=\"index, follow, max-snippet:-1, max-image-preview:large, max-video-preview:-1\" \/>\n<link rel=\"canonical\" href=\"https:\/\/mandarinclass.my\/v2\/vocabularies-list-\u6c49\u8bed\u8bcd\u6c47\/noun-currency\/\" \/>\n<meta property=\"og:locale\" content=\"en_US\" \/>\n<meta property=\"og:type\" content=\"article\" \/>\n<meta property=\"og:title\" content=\"Noun (currency) - EDU Mandarin (KL) \u5409\u9686\u5761\u5353\u8d8a\u6c49\u8bed\" \/>\n<meta property=\"og:description\" content=\"\u5143 yu\u00e1n Dollar \u5e01 b\u00ec currency 1\u7f8e\u5143\u3001\u7f8e\u91d1 m\u011biyu\u00e1n, m\u011bij\u012bn USD 2\u9a6c\u5e01 m\u01ce b\u00ec RM 3\u65b0\u5e01 x\u012bn b\u00ec Sing Dollar 4\u4eba\u6c11\u5e01 r\u00e9nm\u00ednb\u00ec RMB 5\u6e2f\u5e01 g\u01cengb\u00ec HK Dollar 6\u6fb3\u5e01 \u00e0o b\u00ec Aussie Dollar 7\u6b27\u5143 ouyu\u00e1n Euro 8\u65e5\u5143 r\u00ec yu\u00e1n Yen 9\u97e9\u5143 h\u00e1nyu\u00e1n Won 10\u52a0\u5143 ji\u0101 yu\u00e1nCanadian Dollar 11\u5370\u5c3c\u76fe y\u00ecnn\u00ed d\u00f9n Rp (Indonesia) 12\u5370\u5ea6\u5362\u6bd4y\u00ecnd\u00f9 l\u00fab\u01d0 India Rupee 13\u6cf0\u94e2 [...]\" \/>\n<meta property=\"og:url\" content=\"https:\/\/mandarinclass.my\/v2\/vocabularies-list-\u6c49\u8bed\u8bcd\u6c47\/noun-currency\/\" \/>\n<meta property=\"og:site_name\" content=\"EDU Mandarin (KL) \u5409\u9686\u5761\u5353\u8d8a\u6c49\u8bed\" \/>\n<meta name=\"twitter:card\" content=\"summary_large_image\" \/>\n<script type=\"application\/ld+json\" class=\"yoast-schema-graph\">{\"@context\":\"https:\/\/schema.org\",\"@graph\":[{\"@type\":\"WebPage\",\"@id\":\"https:\/\/mandarinclass.my\/v2\/vocabularies-list-%e6%b1%89%e8%af%ad%e8%af%8d%e6%b1%87\/noun-currency\/\",\"url\":\"https:\/\/mandarinclass.my\/v2\/vocabularies-list-%e6%b1%89%e8%af%ad%e8%af%8d%e6%b1%87\/noun-currency\/\",\"name\":\"Noun (currency) - EDU Mandarin (KL) \u5409\u9686\u5761\u5353\u8d8a\u6c49\u8bed\",\"isPartOf\":{\"@id\":\"https:\/\/mandarinclass.my\/v2\/#website\"},\"datePublished\":\"2014-12-17T04:35:30+00:00\",\"breadcrumb\":{\"@id\":\"https:\/\/mandarinclass.my\/v2\/vocabularies-list-%e6%b1%89%e8%af%ad%e8%af%8d%e6%b1%87\/noun-currency\/#breadcrumb\"},\"inLanguage\":\"en-US\",\"potentialAction\":[{\"@type\":\"ReadAction\",\"target\":[\"https:\/\/mandarinclass.my\/v2\/vocabularies-list-%e6%b1%89%e8%af%ad%e8%af%8d%e6%b1%87\/noun-currency\/\"]}]},{\"@type\":\"BreadcrumbList\",\"@id\":\"https:\/\/mandarinclass.my\/v2\/vocabularies-list-%e6%b1%89%e8%af%ad%e8%af%8d%e6%b1%87\/noun-currency\/#breadcrumb\",\"itemListElement\":[{\"@type\":\"ListItem\",\"position\":1,\"name\":\"Home\",\"item\":\"https:\/\/mandarinclass.my\/v2\/\"},{\"@type\":\"ListItem\",\"position\":2,\"name\":\"Vocabularies List \u6c49\u8bed\u8bcd\u6c47\",\"item\":\"https:\/\/mandarinclass.my\/v2\/vocabularies-list-%e6%b1%89%e8%af%ad%e8%af%8d%e6%b1%87\/\"},{\"@type\":\"ListItem\",\"position\":3,\"name\":\"Noun (currency)\"}]},{\"@type\":\"WebSite\",\"@id\":\"https:\/\/mandarinclass.my\/v2\/#website\",\"url\":\"https:\/\/mandarinclass.my\/v2\/\",\"name\":\"EDU Mandarin (KL) \u5409\u9686\u5761\u5353\u8d8a\u6c49\u8bed\",\"description\":\"International Mandarin language Education\",\"potentialAction\":[{\"@type\":\"SearchAction\",\"target\":{\"@type\":\"EntryPoint\",\"urlTemplate\":\"https:\/\/mandarinclass.my\/v2\/?s={search_term_string}\"},\"query-input\":{\"@type\":\"PropertyValueSpecification\",\"valueRequired\":true,\"valueName\":\"search_term_string\"}}],\"inLanguage\":\"en-US\"}]}<\/script>\n<!-- \/ Yoast SEO plugin. -->","yoast_head_json":{"title":"Noun (currency) - EDU Mandarin (KL) \u5409\u9686\u5761\u5353\u8d8a\u6c49\u8bed","robots":{"index":"index","follow":"follow","max-snippet":"max-snippet:-1","max-image-preview":"max-image-preview:large","max-video-preview":"max-video-preview:-1"},"canonical":"https:\/\/mandarinclass.my\/v2\/vocabularies-list-\u6c49\u8bed\u8bcd\u6c47\/noun-currency\/","og_locale":"en_US","og_type":"article","og_title":"Noun (currency) - EDU Mandarin (KL) \u5409\u9686\u5761\u5353\u8d8a\u6c49\u8bed","og_description":"\u5143 yu\u00e1n Dollar \u5e01 b\u00ec currency 1\u7f8e\u5143\u3001\u7f8e\u91d1 m\u011biyu\u00e1n, m\u011bij\u012bn USD 2\u9a6c\u5e01 m\u01ce b\u00ec RM 3\u65b0\u5e01 x\u012bn b\u00ec Sing Dollar 4\u4eba\u6c11\u5e01 r\u00e9nm\u00ednb\u00ec RMB 5\u6e2f\u5e01 g\u01cengb\u00ec HK Dollar 6\u6fb3\u5e01 \u00e0o b\u00ec Aussie Dollar 7\u6b27\u5143 ouyu\u00e1n Euro 8\u65e5\u5143 r\u00ec yu\u00e1n Yen 9\u97e9\u5143 h\u00e1nyu\u00e1n Won 10\u52a0\u5143 ji\u0101 yu\u00e1nCanadian Dollar 11\u5370\u5c3c\u76fe y\u00ecnn\u00ed d\u00f9n Rp (Indonesia) 12\u5370\u5ea6\u5362\u6bd4y\u00ecnd\u00f9 l\u00fab\u01d0 India Rupee 13\u6cf0\u94e2 [...]","og_url":"https:\/\/mandarinclass.my\/v2\/vocabularies-list-\u6c49\u8bed\u8bcd\u6c47\/noun-currency\/","og_site_name":"EDU Mandarin (KL) \u5409\u9686\u5761\u5353\u8d8a\u6c49\u8bed","twitter_card":"summary_large_image","schema":{"@context":"https:\/\/schema.org","@graph":[{"@type":"WebPage","@id":"https:\/\/mandarinclass.my\/v2\/vocabularies-list-%e6%b1%89%e8%af%ad%e8%af%8d%e6%b1%87\/noun-currency\/","url":"https:\/\/mandarinclass.my\/v2\/vocabularies-list-%e6%b1%89%e8%af%ad%e8%af%8d%e6%b1%87\/noun-currency\/","name":"Noun (currency) - EDU Mandarin (KL) \u5409\u9686\u5761\u5353\u8d8a\u6c49\u8bed","isPartOf":{"@id":"https:\/\/mandarinclass.my\/v2\/#website"},"datePublished":"2014-12-17T04:35:30+00:00","breadcrumb":{"@id":"https:\/\/mandarinclass.my\/v2\/vocabularies-list-%e6%b1%89%e8%af%ad%e8%af%8d%e6%b1%87\/noun-currency\/#breadcrumb"},"inLanguage":"en-US","potentialAction":[{"@type":"ReadAction","target":["https:\/\/mandarinclass.my\/v2\/vocabularies-list-%e6%b1%89%e8%af%ad%e8%af%8d%e6%b1%87\/noun-currency\/"]}]},{"@type":"BreadcrumbList","@id":"https:\/\/mandarinclass.my\/v2\/vocabularies-list-%e6%b1%89%e8%af%ad%e8%af%8d%e6%b1%87\/noun-currency\/#breadcrumb","itemListElement":[{"@type":"ListItem","position":1,"name":"Home","item":"https:\/\/mandarinclass.my\/v2\/"},{"@type":"ListItem","position":2,"name":"Vocabularies List \u6c49\u8bed\u8bcd\u6c47","item":"https:\/\/mandarinclass.my\/v2\/vocabularies-list-%e6%b1%89%e8%af%ad%e8%af%8d%e6%b1%87\/"},{"@type":"ListItem","position":3,"name":"Noun (currency)"}]},{"@type":"WebSite","@id":"https:\/\/mandarinclass.my\/v2\/#website","url":"https:\/\/mandarinclass.my\/v2\/","name":"EDU Mandarin (KL) \u5409\u9686\u5761\u5353\u8d8a\u6c49\u8bed","description":"International Mandarin language Education","potentialAction":[{"@type":"SearchAction","target":{"@type":"EntryPoint","urlTemplate":"https:\/\/mandarinclass.my\/v2\/?s={search_term_string}"},"query-input":{"@type":"PropertyValueSpecification","valueRequired":true,"valueName":"search_term_string"}}],"inLanguage":"en-US"}]}},"_links":{"self":[{"href":"https:\/\/mandarinclass.my\/v2\/wp-json\/wp\/v2\/pages\/510","targetHints":{"allow":["GET"]}}],"collection":[{"href":"https:\/\/mandarinclass.my\/v2\/wp-json\/wp\/v2\/pages"}],"about":[{"href":"https:\/\/mandarinclass.my\/v2\/wp-json\/wp\/v2\/types\/page"}],"author":[{"embeddable":true,"href":"https:\/\/mandarinclass.my\/v2\/wp-json\/wp\/v2\/users\/7"}],"replies":[{"embeddable":true,"href":"https:\/\/mandarinclass.my\/v2\/wp-json\/wp\/v2\/comments?post=510"}],"version-history":[{"count":0,"href":"https:\/\/mandarinclass.my\/v2\/wp-json\/wp\/v2\/pages\/510\/revisions"}],"up":[{"embeddable":true,"href":"https:\/\/mandarinclass.my\/v2\/wp-json\/wp\/v2\/pages\/464"}],"wp:attachment":[{"href":"https:\/\/mandarinclass.my\/v2\/wp-json\/wp\/v2\/media?parent=510"}],"curies":[{"name":"wp","href":"https:\/\/api.w.org\/{rel}","templated":true}]}}